{"id":43,"date":"2022-11-01T19:20:06","date_gmt":"2022-11-01T19:20:06","guid":{"rendered":"https:\/\/karenocasiolaw.com\/karenocasiolaw\/?page_id=43"},"modified":"2023-11-02T20:00:55","modified_gmt":"2023-11-02T20:00:55","slug":"contacto","status":"publish","type":"page","link":"https:\/\/karenocasiolaw.com\/en\/contacto\/","title":{"rendered":"Contact"},"content":{"rendered":"<div data-elementor-type=\"wp-page\" data-elementor-id=\"43\" class=\"elementor elementor-43\" data-elementor-settings=\"{&quot;ha_cmc_init_switcher&quot;:&quot;no&quot;}\">\n\t\t\t\t\t\t<section class=\"elementor-section elementor-top-section elementor-element elementor-element-5af1d7c elementor-section-boxed elementor-section-height-default elementor-section-height-default\" data-id=\"5af1d7c\" data-element_type=\"section\" data-settings=\"{&quot;jet_parallax_layout_list&quot;:[],&quot;_ha_eqh_enable&quot;:false}\">\n\t\t\t\t\t\t<div class=\"elementor-container elementor-column-gap-default\">\n\t\t\t\t\t<div class=\"elementor-column elementor-col-100 elementor-top-column elementor-element elementor-element-010b4fd\" data-id=\"010b4fd\" data-element_type=\"column\">\n\t\t\t<div class=\"elementor-widget-wrap elementor-element-populated\">\n\t\t\t\t\t\t<div class=\"elementor-element elementor-element-bd0db3c elementor-widget elementor-widget-jet-slider\" data-id=\"bd0db3c\" data-element_type=\"widget\" data-settings=\"{&quot;slider_height&quot;:{&quot;unit&quot;:&quot;px&quot;,&quot;size&quot;:600,&quot;sizes&quot;:[]},&quot;slider_height_tablet&quot;:{&quot;unit&quot;:&quot;px&quot;,&quot;size&quot;:&quot;&quot;,&quot;sizes&quot;:[]},&quot;slider_height_mobile&quot;:{&quot;unit&quot;:&quot;px&quot;,&quot;size&quot;:&quot;&quot;,&quot;sizes&quot;:[]}}\" data-widget_type=\"jet-slider.default\">\n\t\t\t\t<div class=\"elementor-widget-container\">\n\t\t\t\t\t<div class=\"elementor-jet-slider jet-elements\">\n<div class=\"jet-slider jet-slider__image-exact\" data-settings='{&quot;sliderWidth&quot;:{&quot;unit&quot;:&quot;%&quot;,&quot;size&quot;:100,&quot;sizes&quot;:[]},&quot;sliderHeight&quot;:{&quot;unit&quot;:&quot;px&quot;,&quot;size&quot;:600,&quot;sizes&quot;:[]},&quot;sliderNavigation&quot;:false,&quot;sliderNavigationIcon&quot;:&quot;jet-slider__arrow-icon-bd0db3c&quot;,&quot;sliderNaviOnHover&quot;:false,&quot;sliderPagination&quot;:true,&quot;sliderAutoplay&quot;:true,&quot;sliderAutoplayDelay&quot;:5000,&quot;sliderAutoplayOnHover&quot;:&quot;pause&quot;,&quot;sliderFullScreen&quot;:false,&quot;sliderFullscreenIcon&quot;:&quot;jet-slider__fullscreen-icon-bd0db3c&quot;,&quot;sliderShuffle&quot;:false,&quot;sliderLoop&quot;:true,&quot;sliderFadeMode&quot;:false,&quot;slideDistance&quot;:{&quot;unit&quot;:&quot;px&quot;,&quot;size&quot;:10,&quot;sizes&quot;:[]},&quot;slideDuration&quot;:500,&quot;imageScaleMode&quot;:&quot;exact&quot;,&quot;thumbnails&quot;:false,&quot;thumbnailWidth&quot;:120,&quot;thumbnailHeight&quot;:80,&quot;rightToLeft&quot;:false,&quot;touchswipe&quot;:true,&quot;fractionPag&quot;:false}'>\n\t\n<div  class=\"slider-pro\"><div class=\"jet-slider__arrow-icon-bd0db3c hidden-html\"><\/div><div class=\"jet-slider__fullscreen-icon-bd0db3c hidden-html\"><\/div><div class=\"jet-slider__items sp-slides\">\n\n\n<div  class=\"jet-slider__item sp-slide elementor-repeater-item-9759077\"><img decoding=\"async\" class=\"sp-image\" src=\"https:\/\/karenocasiolaw.com\/wp-content\/uploads\/2022\/11\/IMGSLIDER1-1024x411.jpg\" alt=\"Ley de inmigraci\u00f3n (Pasaporte)\" loading=\"lazy\"><div class=\"jet-slider__content sp-layer\" data-position=\"centerCenter\" data-width=\"100%\" data-height=\"100%\" data-horizontal=\"0%\" data-show-transition=\"up\" data-show-duration=\"400\" data-show-delay=\"400\" >\n\t\t<div class=\"jet-slider__content-item\">\n\t\t\t<div class=\"jet-slider__content-inner\"><h5 class=\"jet-slider__title\">Specializing in Business and Family Immigration<\/h5>\n\t\t\t\t\t\t<div class=\"jet-slider__button-wrapper\">\t\t\t\t\t\t<\/div><\/div>\n\t\t<\/div>\n\t\t\t<\/div>\n<\/div>\n\n<div  class=\"jet-slider__item sp-slide elementor-repeater-item-eb3b6f4\"><img decoding=\"async\" class=\"sp-image\" src=\"https:\/\/karenocasiolaw.com\/wp-content\/uploads\/2022\/11\/IMGSLIDER2-1024x411.jpg\" alt=\"Ley de inmigraci\u00f3n (Inmigraci\u00f3nCliente)\" loading=\"lazy\"><div class=\"jet-slider__content sp-layer\" data-position=\"centerCenter\" data-width=\"100%\" data-height=\"100%\" data-horizontal=\"0%\" data-show-transition=\"up\" data-show-duration=\"400\" data-show-delay=\"400\" >\n\t\t<div class=\"jet-slider__content-item\">\n\t\t\t<div class=\"jet-slider__content-inner\"><h5 class=\"jet-slider__title\">Specializing in Business and Family Immigration<\/h5>\n\t\t\t\t\t\t<div class=\"jet-slider__button-wrapper\">\t\t\t\t\t\t<\/div><\/div>\n\t\t<\/div>\n\t\t\t<\/div>\n<\/div>\n\n<div  class=\"jet-slider__item sp-slide elementor-repeater-item-bc52e10\"><img decoding=\"async\" class=\"sp-image\" src=\"https:\/\/karenocasiolaw.com\/wp-content\/uploads\/2022\/11\/IMGSLIDER3-1024x411.jpg\" alt=\"Ley de inmigraci\u00f3n (Inmigraci\u00f3nCliente)\" loading=\"lazy\"><div class=\"jet-slider__content sp-layer\" data-position=\"centerCenter\" data-width=\"100%\" data-height=\"100%\" data-horizontal=\"0%\" data-show-transition=\"up\" data-show-duration=\"400\" data-show-delay=\"400\" >\n\t\t<div class=\"jet-slider__content-item\">\n\t\t\t<div class=\"jet-slider__content-inner\"><h5 class=\"jet-slider__title\">Specializing in Business and Family Immigration<\/h5>\n\t\t\t\t\t\t<div class=\"jet-slider__button-wrapper\">\t\t\t\t\t\t<\/div><\/div>\n\t\t<\/div>\n\t\t\t<\/div>\n<\/div>\n\n<\/div>\n<\/div>\n<\/div>\n<\/div>\t\t\t\t<\/div>\n\t\t\t\t<\/div>\n\t\t\t\t\t<\/div>\n\t\t<\/div>\n\t\t\t\t\t<\/div>\n\t\t<\/section>\n\t\t\t\t<section class=\"elementor-section elementor-top-section elementor-element elementor-element-2400fa4 elementor-section-boxed elementor-section-height-default elementor-section-height-default\" data-id=\"2400fa4\" data-element_type=\"section\" data-settings=\"{&quot;jet_parallax_layout_list&quot;:[],&quot;_ha_eqh_enable&quot;:false}\">\n\t\t\t\t\t\t<div class=\"elementor-container elementor-column-gap-default\">\n\t\t\t\t\t<div class=\"elementor-column elementor-col-50 elementor-top-column elementor-element elementor-element-53aa07a\" data-id=\"53aa07a\" data-element_type=\"column\" data-settings=\"{&quot;background_background&quot;:&quot;classic&quot;}\">\n\t\t\t<div class=\"elementor-widget-wrap elementor-element-populated\">\n\t\t\t\t\t\t<div class=\"elementor-element elementor-element-c548816 elementor-widget elementor-widget-heading\" data-id=\"c548816\" data-element_type=\"widget\" data-widget_type=\"heading.default\">\n\t\t\t\t<div class=\"elementor-widget-container\">\n\t\t\t\t\t<h2 class=\"elementor-heading-title elementor-size-default\">Contact<\/h2>\t\t\t\t<\/div>\n\t\t\t\t<\/div>\n\t\t\t\t<div class=\"elementor-element elementor-element-cfbb912 elementor-icon-list--layout-traditional elementor-list-item-link-full_width elementor-widget elementor-widget-icon-list\" data-id=\"cfbb912\" data-element_type=\"widget\" data-widget_type=\"icon-list.default\">\n\t\t\t\t<div class=\"elementor-widget-container\">\n\t\t\t\t\t\t\t<ul class=\"elementor-icon-list-items\">\n\t\t\t\t\t\t\t<li class=\"elementor-icon-list-item\">\n\t\t\t\t\t\t\t\t\t\t\t<a href=\"tel:787-936-1664\">\n\n\t\t\t\t\t\t\t\t\t\t\t\t<span class=\"elementor-icon-list-icon\">\n\t\t\t\t\t\t\t<i aria-hidden=\"true\" class=\"fas fa-phone-alt\"><\/i>\t\t\t\t\t\t<\/span>\n\t\t\t\t\t\t\t\t\t\t<span class=\"elementor-icon-list-text\">787-936-1664<\/span>\n\t\t\t\t\t\t\t\t\t\t\t<\/a>\n\t\t\t\t\t\t\t\t\t<\/li>\n\t\t\t\t\t\t\t\t<li class=\"elementor-icon-list-item\">\n\t\t\t\t\t\t\t\t\t\t\t<span class=\"elementor-icon-list-icon\">\n\t\t\t\t\t\t\t<i aria-hidden=\"true\" class=\"fas fa-fax\"><\/i>\t\t\t\t\t\t<\/span>\n\t\t\t\t\t\t\t\t\t\t<span class=\"elementor-icon-list-text\">787-936-1985<\/span>\n\t\t\t\t\t\t\t\t\t<\/li>\n\t\t\t\t\t\t\t\t<li class=\"elementor-icon-list-item\">\n\t\t\t\t\t\t\t\t\t\t\t<a href=\"mailto:karenocasiolaw@mail.com\">\n\n\t\t\t\t\t\t\t\t\t\t\t\t<span class=\"elementor-icon-list-icon\">\n\t\t\t\t\t\t\t<i aria-hidden=\"true\" class=\"fas fa-fax\"><\/i>\t\t\t\t\t\t<\/span>\n\t\t\t\t\t\t\t\t\t\t<span class=\"elementor-icon-list-text\">karenocasiolaw@mail.com<\/span>\n\t\t\t\t\t\t\t\t\t\t\t<\/a>\n\t\t\t\t\t\t\t\t\t<\/li>\n\t\t\t\t\t\t<\/ul>\n\t\t\t\t\t\t<\/div>\n\t\t\t\t<\/div>\n\t\t\t\t<div class=\"elementor-element elementor-element-c0edadf elementor-widget elementor-widget-ha-wpform happy-addon ha-wpform\" data-id=\"c0edadf\" data-element_type=\"widget\" data-widget_type=\"ha-wpform.default\">\n\t\t\t\t<div class=\"elementor-widget-container\">\n\t\t\t\t\t<div class=\"wpforms-container wpforms-container-full\" id=\"wpforms-11\"><form id=\"wpforms-form-11\" class=\"wpforms-validate wpforms-form wpforms-ajax-form\" data-formid=\"11\" method=\"post\" enctype=\"multipart\/form-data\" action=\"\/en\/wp-json\/wp\/v2\/pages\/43\" data-token=\"5e751c9d21b542e1e3c29a8f243fdd52\" data-token-time=\"1775688921\" data-trp-original-action=\"\/en\/wp-json\/wp\/v2\/pages\/43\"><noscript class=\"wpforms-error-noscript\">Please enable JavaScript in your browser to complete this form.<\/noscript><div class=\"wpforms-field-container\"><div id=\"wpforms-11-field_1-container\" class=\"wpforms-field wpforms-field-name\" data-field-id=\"1\"><label class=\"wpforms-field-label wpforms-label-hide\" for=\"wpforms-11-field_1\">Name <span class=\"wpforms-required-label\">*<\/span><\/label><input type=\"text\" id=\"wpforms-11-field_1\" class=\"wpforms-field-large wpforms-field-required\" name=\"wpforms[fields][1]\" placeholder=\"Name\" required><\/div><div id=\"wpforms-11-field_2-container\" class=\"wpforms-field wpforms-field-email\" data-field-id=\"2\"><label class=\"wpforms-field-label wpforms-label-hide\" for=\"wpforms-11-field_2\">Email <span class=\"wpforms-required-label\">*<\/span><\/label><input type=\"email\" id=\"wpforms-11-field_2\" class=\"wpforms-field-large wpforms-field-required\" name=\"wpforms[fields][2]\" placeholder=\"Email\" spellcheck=\"false\" required><\/div><div id=\"wpforms-11-field_3-container\" class=\"wpforms-field wpforms-field-text\" data-field-id=\"3\"><label class=\"wpforms-field-label wpforms-label-hide\" for=\"wpforms-11-field_3\">Phone<\/label><input type=\"text\" id=\"wpforms-11-field_3\" class=\"wpforms-field-large wpforms-masked-input\" data-rule-inputmask-incomplete=\"1\" data-inputmask-mask=\"999-999-9999\" name=\"wpforms[fields][3]\" placeholder=\"Phone\" ><\/div><div id=\"wpforms-11-field_4-container\" class=\"wpforms-field wpforms-field-textarea\" data-field-id=\"4\"><label class=\"wpforms-field-label wpforms-label-hide\" for=\"wpforms-11-field_4\">Message<\/label><textarea id=\"wpforms-11-field_4\" class=\"wpforms-field-medium\" name=\"wpforms[fields][4]\" placeholder=\"Message\" ><\/textarea><\/div><\/div><!-- .wpforms-field-container --><div class=\"wpforms-recaptcha-container wpforms-is-recaptcha wpforms-is-recaptcha-type-v3\" ><input type=\"hidden\" name=\"wpforms[recaptcha]\" value=\"\"><\/div><div class=\"wpforms-submit-container\" ><input type=\"hidden\" name=\"wpforms[id]\" value=\"11\"><input type=\"hidden\" name=\"page_title\" value=\"\"><input type=\"hidden\" name=\"page_url\" value=\"https:\/\/karenocasiolaw.com\/en\/wp-json\/wp\/v2\/pages\/43\"><input type=\"hidden\" name=\"url_referer\" value=\"\"><button type=\"submit\" name=\"wpforms[submit]\" id=\"wpforms-submit-11\" class=\"wpforms-submit\" data-alt-text=\"Enviando...\" data-submit-text=\"Enviar\" aria-live=\"assertive\" value=\"wpforms-submit\">Send<\/button><img decoding=\"async\" src=\"https:\/\/karenocasiolaw.com\/wp-content\/plugins\/wpforms-lite\/assets\/images\/submit-spin.svg\" class=\"wpforms-submit-spinner\" style=\"display: none;\" width=\"26\" height=\"26\" alt=\"Loading\"><\/div><input type=\"hidden\" name=\"trp-form-language\" value=\"en\"\/><\/form><\/div>  <!-- .wpforms-container -->\t\t\t\t<\/div>\n\t\t\t\t<\/div>\n\t\t\t\t\t<\/div>\n\t\t<\/div>\n\t\t\t\t<div class=\"elementor-column elementor-col-50 elementor-top-column elementor-element elementor-element-fd6080b\" data-id=\"fd6080b\" data-element_type=\"column\" data-settings=\"{&quot;background_background&quot;:&quot;classic&quot;}\">\n\t\t\t<div class=\"elementor-widget-wrap elementor-element-populated\">\n\t\t\t\t\t\t<div class=\"elementor-element elementor-element-18c0246 elementor-widget elementor-widget-text-editor\" data-id=\"18c0246\" data-element_type=\"widget\" data-widget_type=\"text-editor.default\">\n\t\t\t\t<div class=\"elementor-widget-container\">\n\t\t\t\t\t\t\t\t\t<p>Do not hesitate to contact us for an evaluation of your case.<\/p>\t\t\t\t\t\t\t\t<\/div>\n\t\t\t\t<\/div>\n\t\t\t\t<div class=\"elementor-element elementor-element-17e58fe elementor-widget-divider--view-line elementor-widget elementor-widget-divider\" data-id=\"17e58fe\" data-element_type=\"widget\" data-widget_type=\"divider.default\">\n\t\t\t\t<div class=\"elementor-widget-container\">\n\t\t\t\t\t\t\t<div class=\"elementor-divider\">\n\t\t\t<span class=\"elementor-divider-separator\">\n\t\t\t\t\t\t<\/span>\n\t\t<\/div>\n\t\t\t\t\t\t<\/div>\n\t\t\t\t<\/div>\n\t\t\t\t<div class=\"elementor-element elementor-element-e0e211d elementor-widget elementor-widget-heading\" data-id=\"e0e211d\" data-element_type=\"widget\" data-widget_type=\"heading.default\">\n\t\t\t\t<div class=\"elementor-widget-container\">\n\t\t\t\t\t<h2 class=\"elementor-heading-title elementor-size-default\">Our Business Hours are<\/h2>\t\t\t\t<\/div>\n\t\t\t\t<\/div>\n\t\t\t\t<div class=\"elementor-element elementor-element-2243a3a elementor-icon-list--layout-traditional elementor-list-item-link-full_width elementor-widget elementor-widget-icon-list\" data-id=\"2243a3a\" data-element_type=\"widget\" data-widget_type=\"icon-list.default\">\n\t\t\t\t<div class=\"elementor-widget-container\">\n\t\t\t\t\t\t\t<ul class=\"elementor-icon-list-items\">\n\t\t\t\t\t\t\t<li class=\"elementor-icon-list-item\">\n\t\t\t\t\t\t\t\t\t\t<span class=\"elementor-icon-list-text\">Monday to Thursday from <\/span>\n\t\t\t\t\t\t\t\t\t<\/li>\n\t\t\t\t\t\t\t\t<li class=\"elementor-icon-list-item\">\n\t\t\t\t\t\t\t\t\t\t<span class=\"elementor-icon-list-text\">9:30 AM to 5:30 PM<\/span>\n\t\t\t\t\t\t\t\t\t<\/li>\n\t\t\t\t\t\t\t\t<li class=\"elementor-icon-list-item\">\n\t\t\t\t\t\t\t\t\t\t<span class=\"elementor-icon-list-text\">Friday from 09:30 AM to 12:00 PM<\/span>\n\t\t\t\t\t\t\t\t\t<\/li>\n\t\t\t\t\t\t<\/ul>\n\t\t\t\t\t\t<\/div>\n\t\t\t\t<\/div>\n\t\t\t\t<div class=\"elementor-element elementor-element-308897e elementor-widget-divider--view-line elementor-widget elementor-widget-divider\" data-id=\"308897e\" data-element_type=\"widget\" data-widget_type=\"divider.default\">\n\t\t\t\t<div class=\"elementor-widget-container\">\n\t\t\t\t\t\t\t<div class=\"elementor-divider\">\n\t\t\t<span class=\"elementor-divider-separator\">\n\t\t\t\t\t\t<\/span>\n\t\t<\/div>\n\t\t\t\t\t\t<\/div>\n\t\t\t\t<\/div>\n\t\t\t\t<div class=\"elementor-element elementor-element-625ea4e elementor-widget elementor-widget-heading\" data-id=\"625ea4e\" data-element_type=\"widget\" data-widget_type=\"heading.default\">\n\t\t\t\t<div class=\"elementor-widget-container\">\n\t\t\t\t\t<h2 class=\"elementor-heading-title elementor-size-default\">Service Area<\/h2>\t\t\t\t<\/div>\n\t\t\t\t<\/div>\n\t\t\t\t<div class=\"elementor-element elementor-element-7c60ce5 elementor-widget elementor-widget-text-editor\" data-id=\"7c60ce5\" data-element_type=\"widget\" data-widget_type=\"text-editor.default\">\n\t\t\t\t<div class=\"elementor-widget-container\">\n\t\t\t\t\t\t\t\t\t<p>Puerto Rico and the US<\/p>\t\t\t\t\t\t\t\t<\/div>\n\t\t\t\t<\/div>\n\t\t\t\t<div class=\"elementor-element elementor-element-5eb1de8 elementor-widget-divider--view-line elementor-widget elementor-widget-divider\" data-id=\"5eb1de8\" data-element_type=\"widget\" data-widget_type=\"divider.default\">\n\t\t\t\t<div class=\"elementor-widget-container\">\n\t\t\t\t\t\t\t<div class=\"elementor-divider\">\n\t\t\t<span class=\"elementor-divider-separator\">\n\t\t\t\t\t\t<\/span>\n\t\t<\/div>\n\t\t\t\t\t\t<\/div>\n\t\t\t\t<\/div>\n\t\t\t\t<div class=\"elementor-element elementor-element-fbde3db elementor-widget elementor-widget-heading\" data-id=\"fbde3db\" data-element_type=\"widget\" data-widget_type=\"heading.default\">\n\t\t\t\t<div class=\"elementor-widget-container\">\n\t\t\t\t\t<h2 class=\"elementor-heading-title elementor-size-default\">Methods of Payment<\/h2>\t\t\t\t<\/div>\n\t\t\t\t<\/div>\n\t\t\t\t<div class=\"elementor-element elementor-element-708b5fa elementor-widget elementor-widget-html\" data-id=\"708b5fa\" data-element_type=\"widget\" data-widget_type=\"html.default\">\n\t\t\t\t<div class=\"elementor-widget-container\">\n\t\t\t\t\t<div align=\"center\">\n    <img decoding=\"async\" width=\"70\" src=\"https:\/\/karenocasiolaw.com\/karenocasiolaw\/wp-content\/uploads\/2022\/11\/26.png\">\n    <img decoding=\"async\" width=\"70\" src=\"https:\/\/karenocasiolaw.com\/karenocasiolaw\/wp-content\/uploads\/2022\/11\/27.png\">\n    <img decoding=\"async\" width=\"70\" src=\"https:\/\/karenocasiolaw.com\/karenocasiolaw\/wp-content\/uploads\/2022\/11\/28.png\">\n    <img decoding=\"async\" width=\"70\" src=\"https:\/\/karenocasiolaw.com\/karenocasiolaw\/wp-content\/uploads\/2022\/11\/5.png\">\n    <img decoding=\"async\" width=\"70\" src=\"https:\/\/karenocasiolaw.com\/karenocasiolaw\/wp-content\/uploads\/2022\/11\/Venmo.jpg\">\n    <img decoding=\"async\" width=\"70\" src=\"https:\/\/karenocasiolaw.com\/wp-content\/uploads\/2023\/11\/apple-pay.png\" \/>\n<\/div>\t\t\t\t<\/div>\n\t\t\t\t<\/div>\n\t\t\t\t\t<\/div>\n\t\t<\/div>\n\t\t\t\t\t<\/div>\n\t\t<\/section>\n\t\t\t\t<\/div>","protected":false},"excerpt":{"rendered":"<p>Especializada en Inmigraci\u00f3n Empresarial y Familiar Especializada en Inmigraci\u00f3n Empresarial y Familiar Especializada en Inmigraci\u00f3n Empresarial y Familiar Cont\u00e1ctanos 787-936-1664 787-936-1985 karenocasiolaw@mail.com Please enable JavaScript in your browser to complete this form.Nombre *Email *Tel\u00e9fonoMensaje Enviar No dude en contactarnos para una evaluaci\u00f3n de su caso. Nuestro horario comercial es Lunes a Jueves de 9:30 AM [&hellip;]<\/p>","protected":false},"author":1,"featured_media":0,"parent":0,"menu_order":0,"comment_status":"closed","ping_status":"closed","template":"elementor_header_footer","meta":{"_joinchat":[],"footnotes":""},"class_list":["post-43","page","type-page","status-publish","hentry"],"yoast_head":"<!-- This site is optimized with the Yoast SEO plugin v24.6 - https:\/\/yoast.com\/wordpress\/plugins\/seo\/ -->\n<title>Contacto - Karen M Ocasio Law Office<\/title>\n<meta name=\"robots\" content=\"index, follow, max-snippet:-1, max-image-preview:large, max-video-preview:-1\" \/>\n<link rel=\"canonical\" href=\"https:\/\/karenocasiolaw.com\/en\/contacto\/\" \/>\n<meta property=\"og:locale\" content=\"en_US\" \/>\n<meta property=\"og:type\" content=\"article\" \/>\n<meta property=\"og:title\" content=\"Contacto - Karen M Ocasio Law Office\" \/>\n<meta property=\"og:description\" content=\"Especializada en Inmigraci\u00f3n Empresarial y Familiar Especializada en Inmigraci\u00f3n Empresarial y Familiar Especializada en Inmigraci\u00f3n Empresarial y Familiar Cont\u00e1ctanos 787-936-1664 787-936-1985 karenocasiolaw@mail.com Please enable JavaScript in your browser to complete this form.Nombre *Email *Tel\u00e9fonoMensaje Enviar No dude en contactarnos para una evaluaci\u00f3n de su caso. Nuestro horario comercial es Lunes a Jueves de 9:30 AM [&hellip;]\" \/>\n<meta property=\"og:url\" content=\"https:\/\/karenocasiolaw.com\/en\/contacto\/\" \/>\n<meta property=\"og:site_name\" content=\"Karen M Ocasio Law Office\" \/>\n<meta property=\"article:modified_time\" content=\"2023-11-02T20:00:55+00:00\" \/>\n<meta property=\"og:image\" content=\"https:\/\/karenocasiolaw.com\/wp-content\/uploads\/2022\/11\/IMGSLIDER1-1024x411.jpg\" \/>\n<meta name=\"twitter:card\" content=\"summary_large_image\" \/>\n<meta name=\"twitter:label1\" content=\"Est. reading time\" \/>\n\t<meta name=\"twitter:data1\" content=\"3 minutes\" \/>\n<script type=\"application\/ld+json\" class=\"yoast-schema-graph\">{\"@context\":\"https:\/\/schema.org\",\"@graph\":[{\"@type\":\"WebPage\",\"@id\":\"https:\/\/karenocasiolaw.com\/contacto\/\",\"url\":\"https:\/\/karenocasiolaw.com\/contacto\/\",\"name\":\"Contacto - Karen M Ocasio Law Office\",\"isPartOf\":{\"@id\":\"https:\/\/karenocasiolaw.com\/#website\"},\"primaryImageOfPage\":{\"@id\":\"https:\/\/karenocasiolaw.com\/contacto\/#primaryimage\"},\"image\":{\"@id\":\"https:\/\/karenocasiolaw.com\/contacto\/#primaryimage\"},\"thumbnailUrl\":\"https:\/\/karenocasiolaw.com\/wp-content\/uploads\/2022\/11\/IMGSLIDER1-1024x411.jpg\",\"datePublished\":\"2022-11-01T19:20:06+00:00\",\"dateModified\":\"2023-11-02T20:00:55+00:00\",\"breadcrumb\":{\"@id\":\"https:\/\/karenocasiolaw.com\/contacto\/#breadcrumb\"},\"inLanguage\":\"en-US\",\"potentialAction\":[{\"@type\":\"ReadAction\",\"target\":[\"https:\/\/karenocasiolaw.com\/contacto\/\"]}]},{\"@type\":\"ImageObject\",\"inLanguage\":\"en-US\",\"@id\":\"https:\/\/karenocasiolaw.com\/contacto\/#primaryimage\",\"url\":\"https:\/\/karenocasiolaw.com\/wp-content\/uploads\/2022\/11\/IMGSLIDER1-1024x411.jpg\",\"contentUrl\":\"https:\/\/karenocasiolaw.com\/wp-content\/uploads\/2022\/11\/IMGSLIDER1-1024x411.jpg\"},{\"@type\":\"BreadcrumbList\",\"@id\":\"https:\/\/karenocasiolaw.com\/contacto\/#breadcrumb\",\"itemListElement\":[{\"@type\":\"ListItem\",\"position\":1,\"name\":\"Home\",\"item\":\"https:\/\/karenocasiolaw.com\/\"},{\"@type\":\"ListItem\",\"position\":2,\"name\":\"Contacto\"}]},{\"@type\":\"WebSite\",\"@id\":\"https:\/\/karenocasiolaw.com\/#website\",\"url\":\"https:\/\/karenocasiolaw.com\/\",\"name\":\"Karen M Ocasio Law Office\",\"description\":\"Especializada en Inmigraci\u00f3n Empresarial y Familiar\",\"publisher\":{\"@id\":\"https:\/\/karenocasiolaw.com\/#organization\"},\"potentialAction\":[{\"@type\":\"SearchAction\",\"target\":{\"@type\":\"EntryPoint\",\"urlTemplate\":\"https:\/\/karenocasiolaw.com\/?s={search_term_string}\"},\"query-input\":{\"@type\":\"PropertyValueSpecification\",\"valueRequired\":true,\"valueName\":\"search_term_string\"}}],\"inLanguage\":\"en-US\"},{\"@type\":\"Organization\",\"@id\":\"https:\/\/karenocasiolaw.com\/#organization\",\"name\":\"Karen M Ocasio Law Office\",\"url\":\"https:\/\/karenocasiolaw.com\/\",\"logo\":{\"@type\":\"ImageObject\",\"inLanguage\":\"en-US\",\"@id\":\"https:\/\/karenocasiolaw.com\/#\/schema\/logo\/image\/\",\"url\":\"https:\/\/karenocasiolaw.com\/wp-content\/uploads\/2022\/11\/Logo2.0.png\",\"contentUrl\":\"https:\/\/karenocasiolaw.com\/wp-content\/uploads\/2022\/11\/Logo2.0.png\",\"width\":300,\"height\":100,\"caption\":\"Karen M Ocasio Law Office\"},\"image\":{\"@id\":\"https:\/\/karenocasiolaw.com\/#\/schema\/logo\/image\/\"}}]}<\/script>\n<!-- \/ Yoast SEO plugin. -->","yoast_head_json":{"title":"Contacto - Karen M Ocasio Law Office","robots":{"index":"index","follow":"follow","max-snippet":"max-snippet:-1","max-image-preview":"max-image-preview:large","max-video-preview":"max-video-preview:-1"},"canonical":"https:\/\/karenocasiolaw.com\/en\/contacto\/","og_locale":"en_US","og_type":"article","og_title":"Contacto - Karen M Ocasio Law Office","og_description":"Especializada en Inmigraci\u00f3n Empresarial y Familiar Especializada en Inmigraci\u00f3n Empresarial y Familiar Especializada en Inmigraci\u00f3n Empresarial y Familiar Cont\u00e1ctanos 787-936-1664 787-936-1985 karenocasiolaw@mail.com Please enable JavaScript in your browser to complete this form.Nombre *Email *Tel\u00e9fonoMensaje Enviar No dude en contactarnos para una evaluaci\u00f3n de su caso. Nuestro horario comercial es Lunes a Jueves de 9:30 AM [&hellip;]","og_url":"https:\/\/karenocasiolaw.com\/en\/contacto\/","og_site_name":"Karen M Ocasio Law Office","article_modified_time":"2023-11-02T20:00:55+00:00","og_image":[{"url":"https:\/\/karenocasiolaw.com\/wp-content\/uploads\/2022\/11\/IMGSLIDER1-1024x411.jpg","type":"","width":"","height":""}],"twitter_card":"summary_large_image","twitter_misc":{"Est. reading time":"3 minutes"},"schema":{"@context":"https:\/\/schema.org","@graph":[{"@type":"WebPage","@id":"https:\/\/karenocasiolaw.com\/contacto\/","url":"https:\/\/karenocasiolaw.com\/contacto\/","name":"Contacto - Karen M Ocasio Law Office","isPartOf":{"@id":"https:\/\/karenocasiolaw.com\/#website"},"primaryImageOfPage":{"@id":"https:\/\/karenocasiolaw.com\/contacto\/#primaryimage"},"image":{"@id":"https:\/\/karenocasiolaw.com\/contacto\/#primaryimage"},"thumbnailUrl":"https:\/\/karenocasiolaw.com\/wp-content\/uploads\/2022\/11\/IMGSLIDER1-1024x411.jpg","datePublished":"2022-11-01T19:20:06+00:00","dateModified":"2023-11-02T20:00:55+00:00","breadcrumb":{"@id":"https:\/\/karenocasiolaw.com\/contacto\/#breadcrumb"},"inLanguage":"en-US","potentialAction":[{"@type":"ReadAction","target":["https:\/\/karenocasiolaw.com\/contacto\/"]}]},{"@type":"ImageObject","inLanguage":"en-US","@id":"https:\/\/karenocasiolaw.com\/contacto\/#primaryimage","url":"https:\/\/karenocasiolaw.com\/wp-content\/uploads\/2022\/11\/IMGSLIDER1-1024x411.jpg","contentUrl":"https:\/\/karenocasiolaw.com\/wp-content\/uploads\/2022\/11\/IMGSLIDER1-1024x411.jpg"},{"@type":"BreadcrumbList","@id":"https:\/\/karenocasiolaw.com\/contacto\/#breadcrumb","itemListElement":[{"@type":"ListItem","position":1,"name":"Home","item":"https:\/\/karenocasiolaw.com\/"},{"@type":"ListItem","position":2,"name":"Contacto"}]},{"@type":"WebSite","@id":"https:\/\/karenocasiolaw.com\/#website","url":"https:\/\/karenocasiolaw.com\/","name":"Karen M Ocasio Law Office","description":"Specializing in Business and Family Immigration","publisher":{"@id":"https:\/\/karenocasiolaw.com\/#organization"},"potentialAction":[{"@type":"SearchAction","target":{"@type":"EntryPoint","urlTemplate":"https:\/\/karenocasiolaw.com\/?s={search_term_string}"},"query-input":{"@type":"PropertyValueSpecification","valueRequired":true,"valueName":"search_term_string"}}],"inLanguage":"en-US"},{"@type":"Organization","@id":"https:\/\/karenocasiolaw.com\/#organization","name":"Karen M Ocasio Law Office","url":"https:\/\/karenocasiolaw.com\/","logo":{"@type":"ImageObject","inLanguage":"en-US","@id":"https:\/\/karenocasiolaw.com\/#\/schema\/logo\/image\/","url":"https:\/\/karenocasiolaw.com\/wp-content\/uploads\/2022\/11\/Logo2.0.png","contentUrl":"https:\/\/karenocasiolaw.com\/wp-content\/uploads\/2022\/11\/Logo2.0.png","width":300,"height":100,"caption":"Karen M Ocasio Law Office"},"image":{"@id":"https:\/\/karenocasiolaw.com\/#\/schema\/logo\/image\/"}}]}},"_links":{"self":[{"href":"https:\/\/karenocasiolaw.com\/en\/wp-json\/wp\/v2\/pages\/43","targetHints":{"allow":["GET"]}}],"collection":[{"href":"https:\/\/karenocasiolaw.com\/en\/wp-json\/wp\/v2\/pages"}],"about":[{"href":"https:\/\/karenocasiolaw.com\/en\/wp-json\/wp\/v2\/types\/page"}],"author":[{"embeddable":true,"href":"https:\/\/karenocasiolaw.com\/en\/wp-json\/wp\/v2\/users\/1"}],"replies":[{"embeddable":true,"href":"https:\/\/karenocasiolaw.com\/en\/wp-json\/wp\/v2\/comments?post=43"}],"version-history":[{"count":5,"href":"https:\/\/karenocasiolaw.com\/en\/wp-json\/wp\/v2\/pages\/43\/revisions"}],"predecessor-version":[{"id":536,"href":"https:\/\/karenocasiolaw.com\/en\/wp-json\/wp\/v2\/pages\/43\/revisions\/536"}],"wp:attachment":[{"href":"https:\/\/karenocasiolaw.com\/en\/wp-json\/wp\/v2\/media?parent=43"}],"curies":[{"name":"wp","href":"https:\/\/api.w.org\/{rel}","templated":true}]}}