{"id":67,"date":"2022-11-07T14:12:43","date_gmt":"2022-11-07T14:12:43","guid":{"rendered":"https:\/\/karenocasiolaw.com\/karenocasiolaw\/?page_id=67"},"modified":"2023-11-02T20:09:26","modified_gmt":"2023-11-02T20:09:26","slug":"nuestros-servicios","status":"publish","type":"page","link":"https:\/\/karenocasiolaw.com\/en\/nuestros-servicios\/","title":{"rendered":"Our Services"},"content":{"rendered":"<div data-elementor-type=\"wp-page\" data-elementor-id=\"67\" class=\"elementor elementor-67\" data-elementor-settings=\"{&quot;ha_cmc_init_switcher&quot;:&quot;no&quot;}\">\n\t\t\t\t\t\t<section class=\"elementor-section elementor-top-section elementor-element elementor-element-393dc6c elementor-section-boxed elementor-section-height-default elementor-section-height-default\" data-id=\"393dc6c\" data-element_type=\"section\" data-e-type=\"section\" data-settings=\"{&quot;jet_parallax_layout_list&quot;:[],&quot;_ha_eqh_enable&quot;:false}\">\n\t\t\t\t\t\t<div class=\"elementor-container elementor-column-gap-default\">\n\t\t\t\t\t<div class=\"elementor-column elementor-col-100 elementor-top-column elementor-element elementor-element-9e73952\" data-id=\"9e73952\" data-element_type=\"column\" data-e-type=\"column\">\n\t\t\t<div class=\"elementor-widget-wrap elementor-element-populated\">\n\t\t\t\t\t\t<div class=\"elementor-element elementor-element-32dc212 elementor-widget elementor-widget-jet-slider\" data-id=\"32dc212\" data-element_type=\"widget\" data-e-type=\"widget\" data-settings=\"{&quot;slider_height&quot;:{&quot;unit&quot;:&quot;px&quot;,&quot;size&quot;:600,&quot;sizes&quot;:[]},&quot;slider_height_tablet&quot;:{&quot;unit&quot;:&quot;px&quot;,&quot;size&quot;:&quot;&quot;,&quot;sizes&quot;:[]},&quot;slider_height_mobile&quot;:{&quot;unit&quot;:&quot;px&quot;,&quot;size&quot;:&quot;&quot;,&quot;sizes&quot;:[]}}\" data-widget_type=\"jet-slider.default\">\n\t\t\t\t<div class=\"elementor-widget-container\">\n\t\t\t\t\t<div class=\"elementor-jet-slider jet-elements\">\n<div class=\"jet-slider jet-slider__image-exact\" data-settings='{&quot;sliderWidth&quot;:{&quot;unit&quot;:&quot;%&quot;,&quot;size&quot;:100,&quot;sizes&quot;:[]},&quot;sliderHeight&quot;:{&quot;unit&quot;:&quot;px&quot;,&quot;size&quot;:600,&quot;sizes&quot;:[]},&quot;sliderNavigation&quot;:false,&quot;sliderNavigationIcon&quot;:&quot;jet-slider__arrow-icon-32dc212&quot;,&quot;sliderNaviOnHover&quot;:false,&quot;sliderPagination&quot;:true,&quot;sliderAutoplay&quot;:true,&quot;sliderAutoplayDelay&quot;:5000,&quot;sliderAutoplayOnHover&quot;:&quot;pause&quot;,&quot;sliderFullScreen&quot;:false,&quot;sliderFullscreenIcon&quot;:&quot;jet-slider__fullscreen-icon-32dc212&quot;,&quot;sliderShuffle&quot;:false,&quot;sliderLoop&quot;:true,&quot;sliderFadeMode&quot;:false,&quot;slideDistance&quot;:{&quot;unit&quot;:&quot;px&quot;,&quot;size&quot;:10,&quot;sizes&quot;:[]},&quot;slideDuration&quot;:500,&quot;imageScaleMode&quot;:&quot;exact&quot;,&quot;thumbnails&quot;:false,&quot;thumbnailWidth&quot;:120,&quot;thumbnailHeight&quot;:80,&quot;rightToLeft&quot;:false,&quot;touchswipe&quot;:true,&quot;fractionPag&quot;:false}'>\n\t\n<div  class=\"slider-pro\"><div class=\"jet-slider__arrow-icon-32dc212 hidden-html\"><\/div><div class=\"jet-slider__fullscreen-icon-32dc212 hidden-html\"><\/div><div class=\"jet-slider__items sp-slides\">\n\n\n<div  class=\"jet-slider__item sp-slide elementor-repeater-item-9759077\"><img decoding=\"async\" class=\"sp-image\" src=\"https:\/\/karenocasiolaw.com\/wp-content\/uploads\/2022\/11\/IMGSLIDER1-1024x411.jpg\" alt=\"Ley de inmigraci\u00f3n (Pasaporte)\" loading=\"lazy\"><div class=\"jet-slider__content sp-layer\" data-position=\"centerCenter\" data-width=\"100%\" data-height=\"100%\" data-horizontal=\"0%\" data-show-transition=\"up\" data-show-duration=\"400\" data-show-delay=\"400\" >\n\t\t<div class=\"jet-slider__content-item\">\n\t\t\t<div class=\"jet-slider__content-inner\"><h5 class=\"jet-slider__title\">Specializing in Business and Family Immigration<\/h5>\n\t\t\t\t\t\t<div class=\"jet-slider__button-wrapper\">\t\t\t\t\t\t<\/div><\/div>\n\t\t<\/div>\n\t\t\t<\/div>\n<\/div>\n\n<div  class=\"jet-slider__item sp-slide elementor-repeater-item-eb3b6f4\"><img decoding=\"async\" class=\"sp-image\" src=\"https:\/\/karenocasiolaw.com\/wp-content\/uploads\/2022\/11\/IMGSLIDER2-1024x411.jpg\" alt=\"Ley de inmigraci\u00f3n (Inmigraci\u00f3nCliente)\" loading=\"lazy\"><div class=\"jet-slider__content sp-layer\" data-position=\"centerCenter\" data-width=\"100%\" data-height=\"100%\" data-horizontal=\"0%\" data-show-transition=\"up\" data-show-duration=\"400\" data-show-delay=\"400\" >\n\t\t<div class=\"jet-slider__content-item\">\n\t\t\t<div class=\"jet-slider__content-inner\"><h5 class=\"jet-slider__title\">Specializing in Business and Family Immigration<\/h5>\n\t\t\t\t\t\t<div class=\"jet-slider__button-wrapper\">\t\t\t\t\t\t<\/div><\/div>\n\t\t<\/div>\n\t\t\t<\/div>\n<\/div>\n\n<div  class=\"jet-slider__item sp-slide elementor-repeater-item-bc52e10\"><img decoding=\"async\" class=\"sp-image\" src=\"https:\/\/karenocasiolaw.com\/wp-content\/uploads\/2022\/11\/IMGSLIDER3-1024x411.jpg\" alt=\"Ley de inmigraci\u00f3n (Inmigraci\u00f3nCliente)\" loading=\"lazy\"><div class=\"jet-slider__content sp-layer\" data-position=\"centerCenter\" data-width=\"100%\" data-height=\"100%\" data-horizontal=\"0%\" data-show-transition=\"up\" data-show-duration=\"400\" data-show-delay=\"400\" >\n\t\t<div class=\"jet-slider__content-item\">\n\t\t\t<div class=\"jet-slider__content-inner\"><h5 class=\"jet-slider__title\">Specializing in Business and Family Immigration<\/h5>\n\t\t\t\t\t\t<div class=\"jet-slider__button-wrapper\">\t\t\t\t\t\t<\/div><\/div>\n\t\t<\/div>\n\t\t\t<\/div>\n<\/div>\n\n<\/div>\n<\/div>\n<\/div>\n<\/div>\t\t\t\t<\/div>\n\t\t\t\t<\/div>\n\t\t\t\t\t<\/div>\n\t\t<\/div>\n\t\t\t\t\t<\/div>\n\t\t<\/section>\n\t\t\t\t<section class=\"elementor-section elementor-top-section elementor-element elementor-element-e01368c elementor-section-boxed elementor-section-height-default elementor-section-height-default\" data-id=\"e01368c\" data-element_type=\"section\" data-e-type=\"section\" data-settings=\"{&quot;jet_parallax_layout_list&quot;:[],&quot;_ha_eqh_enable&quot;:false}\">\n\t\t\t\t\t\t<div class=\"elementor-container elementor-column-gap-default\">\n\t\t\t\t\t<div class=\"elementor-column elementor-col-50 elementor-top-column elementor-element elementor-element-df5b50f\" data-id=\"df5b50f\" data-element_type=\"column\" data-e-type=\"column\" data-settings=\"{&quot;background_background&quot;:&quot;classic&quot;}\">\n\t\t\t<div class=\"elementor-widget-wrap elementor-element-populated\">\n\t\t\t\t\t\t<div class=\"elementor-element elementor-element-af6ba32 elementor-widget elementor-widget-heading\" data-id=\"af6ba32\" data-element_type=\"widget\" data-e-type=\"widget\" data-widget_type=\"heading.default\">\n\t\t\t\t<div class=\"elementor-widget-container\">\n\t\t\t\t\t<h2 class=\"elementor-heading-title elementor-size-default\">Our Services<\/h2>\t\t\t\t<\/div>\n\t\t\t\t<\/div>\n\t\t\t\t<section class=\"elementor-section elementor-inner-section elementor-element elementor-element-7c8dd01 elementor-section-boxed elementor-section-height-default elementor-section-height-default\" data-id=\"7c8dd01\" data-element_type=\"section\" data-e-type=\"section\" data-settings=\"{&quot;jet_parallax_layout_list&quot;:[],&quot;_ha_eqh_enable&quot;:false}\">\n\t\t\t\t\t\t<div class=\"elementor-container elementor-column-gap-default\">\n\t\t\t\t\t<div class=\"elementor-column elementor-col-100 elementor-inner-column elementor-element elementor-element-f0837e8\" data-id=\"f0837e8\" data-element_type=\"column\" data-e-type=\"column\">\n\t\t\t<div class=\"elementor-widget-wrap elementor-element-populated\">\n\t\t\t\t\t\t<div class=\"elementor-element elementor-element-2211bfc elementor-widget elementor-widget-text-editor\" data-id=\"2211bfc\" data-element_type=\"widget\" data-e-type=\"widget\" data-widget_type=\"text-editor.default\">\n\t\t\t\t<div class=\"elementor-widget-container\">\n\t\t\t\t\t\t\t\t\t<p class=\"prf\"><strong>Karen M. Ocasio Law Office<\/strong>represents and advises a diverse clientele, in both size and range of activities, with offices located in the business and financial center of San Juan, Puerto Rico.<\/p><p>Its client base includes individuals, small and medium size private companies to large publicly owned national companies, such as insurance companies, banking and financial institutions, commercial and industrial corporations, construction businesses, real estate companies, land development firms, entrepreneurs, and non-profit organizations.<\/p><div class=\"container-fluid pad-less\"><p>\u00a0<\/p><div class=\"col-lg-5 col-md-6 col-sm-12 col-xs-12\"><ul class=\"prf3\"><li>Business Immigration<\/li><li>Work Visas<\/li><li>Residency<\/li><li>Immigration &amp; Citizenship (Business\/ Family)<\/li><li>Labor Certification<\/li><li>Naturalization Cases<\/li><li>Green card<\/li><li>Permanent Residency<\/li><li>Visas<\/li><li>Citizenship<\/li><\/ul><\/div><div class=\"col-lg-7 col-md-6 col-sm-12 col-xs-12 der2\"><img decoding=\"async\" class=\"img-responsive der2 alignright\" src=\"https:\/\/karenocasiolaw.com\/img\/img-2.jpg\" \/><\/div><\/div>\t\t\t\t\t\t\t\t<\/div>\n\t\t\t\t<\/div>\n\t\t\t\t\t<\/div>\n\t\t<\/div>\n\t\t\t\t\t<\/div>\n\t\t<\/section>\n\t\t\t\t\t<\/div>\n\t\t<\/div>\n\t\t\t\t<div class=\"elementor-column elementor-col-50 elementor-top-column elementor-element elementor-element-af5b78f\" data-id=\"af5b78f\" data-element_type=\"column\" data-e-type=\"column\" data-settings=\"{&quot;background_background&quot;:&quot;classic&quot;}\">\n\t\t\t<div class=\"elementor-widget-wrap elementor-element-populated\">\n\t\t\t\t\t\t<div class=\"elementor-element elementor-element-cb471a8 elementor-widget elementor-widget-text-editor\" data-id=\"cb471a8\" data-element_type=\"widget\" data-e-type=\"widget\" data-widget_type=\"text-editor.default\">\n\t\t\t\t<div class=\"elementor-widget-container\">\n\t\t\t\t\t\t\t\t\t<p>Do not hesitate to contact us for an evaluation of your case.<\/p>\t\t\t\t\t\t\t\t<\/div>\n\t\t\t\t<\/div>\n\t\t\t\t<div class=\"elementor-element elementor-element-65072a0 elementor-widget-divider--view-line elementor-widget elementor-widget-divider\" data-id=\"65072a0\" data-element_type=\"widget\" data-e-type=\"widget\" data-widget_type=\"divider.default\">\n\t\t\t\t<div class=\"elementor-widget-container\">\n\t\t\t\t\t\t\t<div class=\"elementor-divider\">\n\t\t\t<span class=\"elementor-divider-separator\">\n\t\t\t\t\t\t<\/span>\n\t\t<\/div>\n\t\t\t\t\t\t<\/div>\n\t\t\t\t<\/div>\n\t\t\t\t<div class=\"elementor-element elementor-element-8486ce5 elementor-widget elementor-widget-heading\" data-id=\"8486ce5\" data-element_type=\"widget\" data-e-type=\"widget\" data-widget_type=\"heading.default\">\n\t\t\t\t<div class=\"elementor-widget-container\">\n\t\t\t\t\t<h2 class=\"elementor-heading-title elementor-size-default\">Our Business Hours are<\/h2>\t\t\t\t<\/div>\n\t\t\t\t<\/div>\n\t\t\t\t<div class=\"elementor-element elementor-element-4032334 elementor-icon-list--layout-traditional elementor-list-item-link-full_width elementor-widget elementor-widget-icon-list\" data-id=\"4032334\" data-element_type=\"widget\" data-e-type=\"widget\" data-widget_type=\"icon-list.default\">\n\t\t\t\t<div class=\"elementor-widget-container\">\n\t\t\t\t\t\t\t<ul class=\"elementor-icon-list-items\">\n\t\t\t\t\t\t\t<li class=\"elementor-icon-list-item\">\n\t\t\t\t\t\t\t\t\t\t<span class=\"elementor-icon-list-text\">Monday to Thursday from <\/span>\n\t\t\t\t\t\t\t\t\t<\/li>\n\t\t\t\t\t\t\t\t<li class=\"elementor-icon-list-item\">\n\t\t\t\t\t\t\t\t\t\t<span class=\"elementor-icon-list-text\">9:30 AM to 5:30 PM<\/span>\n\t\t\t\t\t\t\t\t\t<\/li>\n\t\t\t\t\t\t\t\t<li class=\"elementor-icon-list-item\">\n\t\t\t\t\t\t\t\t\t\t<span class=\"elementor-icon-list-text\">Friday from 09:30 AM to 12:00 PM<\/span>\n\t\t\t\t\t\t\t\t\t<\/li>\n\t\t\t\t\t\t<\/ul>\n\t\t\t\t\t\t<\/div>\n\t\t\t\t<\/div>\n\t\t\t\t<div class=\"elementor-element elementor-element-c003400 elementor-widget-divider--view-line elementor-widget elementor-widget-divider\" data-id=\"c003400\" data-element_type=\"widget\" data-e-type=\"widget\" data-widget_type=\"divider.default\">\n\t\t\t\t<div class=\"elementor-widget-container\">\n\t\t\t\t\t\t\t<div class=\"elementor-divider\">\n\t\t\t<span class=\"elementor-divider-separator\">\n\t\t\t\t\t\t<\/span>\n\t\t<\/div>\n\t\t\t\t\t\t<\/div>\n\t\t\t\t<\/div>\n\t\t\t\t<div class=\"elementor-element elementor-element-33a5fb6 elementor-widget elementor-widget-heading\" data-id=\"33a5fb6\" data-element_type=\"widget\" data-e-type=\"widget\" data-widget_type=\"heading.default\">\n\t\t\t\t<div class=\"elementor-widget-container\">\n\t\t\t\t\t<h2 class=\"elementor-heading-title elementor-size-default\">Service Area<\/h2>\t\t\t\t<\/div>\n\t\t\t\t<\/div>\n\t\t\t\t<div class=\"elementor-element elementor-element-8ccd06f elementor-widget elementor-widget-text-editor\" data-id=\"8ccd06f\" data-element_type=\"widget\" data-e-type=\"widget\" data-widget_type=\"text-editor.default\">\n\t\t\t\t<div class=\"elementor-widget-container\">\n\t\t\t\t\t\t\t\t\t<p>Puerto Rico and the US<\/p>\t\t\t\t\t\t\t\t<\/div>\n\t\t\t\t<\/div>\n\t\t\t\t<div class=\"elementor-element elementor-element-2110cd3 elementor-widget-divider--view-line elementor-widget elementor-widget-divider\" data-id=\"2110cd3\" data-element_type=\"widget\" data-e-type=\"widget\" data-widget_type=\"divider.default\">\n\t\t\t\t<div class=\"elementor-widget-container\">\n\t\t\t\t\t\t\t<div class=\"elementor-divider\">\n\t\t\t<span class=\"elementor-divider-separator\">\n\t\t\t\t\t\t<\/span>\n\t\t<\/div>\n\t\t\t\t\t\t<\/div>\n\t\t\t\t<\/div>\n\t\t\t\t<div class=\"elementor-element elementor-element-c74026d elementor-widget elementor-widget-heading\" data-id=\"c74026d\" data-element_type=\"widget\" data-e-type=\"widget\" data-widget_type=\"heading.default\">\n\t\t\t\t<div class=\"elementor-widget-container\">\n\t\t\t\t\t<h2 class=\"elementor-heading-title elementor-size-default\">Methods of Payment<\/h2>\t\t\t\t<\/div>\n\t\t\t\t<\/div>\n\t\t\t\t<div class=\"elementor-element elementor-element-982ef4f elementor-widget elementor-widget-html\" data-id=\"982ef4f\" data-element_type=\"widget\" data-e-type=\"widget\" data-widget_type=\"html.default\">\n\t\t\t\t<div class=\"elementor-widget-container\">\n\t\t\t\t\t<div align=\"center\">\n    <img decoding=\"async\" width=\"70\" src=\"https:\/\/karenocasiolaw.com\/karenocasiolaw\/wp-content\/uploads\/2022\/11\/26.png\">\n    <img decoding=\"async\" width=\"70\" src=\"https:\/\/karenocasiolaw.com\/karenocasiolaw\/wp-content\/uploads\/2022\/11\/27.png\">\n    <img decoding=\"async\" width=\"70\" src=\"https:\/\/karenocasiolaw.com\/karenocasiolaw\/wp-content\/uploads\/2022\/11\/28.png\">\n    <img decoding=\"async\" width=\"70\" src=\"https:\/\/karenocasiolaw.com\/karenocasiolaw\/wp-content\/uploads\/2022\/11\/5.png\">\n    <img decoding=\"async\" width=\"70\" src=\"https:\/\/karenocasiolaw.com\/karenocasiolaw\/wp-content\/uploads\/2022\/11\/Venmo.jpg\">\n        <img decoding=\"async\" width=\"70\" src=\"https:\/\/karenocasiolaw.com\/wp-content\/uploads\/2023\/11\/apple-pay.png\" \/>\n<\/div>\t\t\t\t<\/div>\n\t\t\t\t<\/div>\n\t\t\t\t\t<\/div>\n\t\t<\/div>\n\t\t\t\t\t<\/div>\n\t\t<\/section>\n\t\t\t\t<\/div>","protected":false},"excerpt":{"rendered":"<p>Especializada en Inmigraci\u00f3n Empresarial y Familiar Especializada en Inmigraci\u00f3n Empresarial y Familiar Especializada en Inmigraci\u00f3n Empresarial y Familiar Nuestros Servicios Karen M. Ocasio Law Office, representa y asesora a una clientela diversa, tanto en tama\u00f1o como en variedad de actividades, con oficinas ubicadas en el centro comercial y financiero de San Juan, Puerto Rico. Su [&hellip;]<\/p>","protected":false},"author":1,"featured_media":0,"parent":0,"menu_order":0,"comment_status":"closed","ping_status":"closed","template":"elementor_header_footer","meta":{"_joinchat":[],"footnotes":""},"class_list":["post-67","page","type-page","status-publish","hentry"],"yoast_head":"<!-- This site is optimized with the Yoast SEO plugin v24.6 - https:\/\/yoast.com\/wordpress\/plugins\/seo\/ -->\n<title>Nuestros Servicios - Karen M Ocasio Law Office<\/title>\n<meta name=\"robots\" content=\"index, follow, max-snippet:-1, max-image-preview:large, max-video-preview:-1\" \/>\n<link rel=\"canonical\" href=\"https:\/\/karenocasiolaw.com\/en\/nuestros-servicios\/\" \/>\n<meta property=\"og:locale\" content=\"en_US\" \/>\n<meta property=\"og:type\" content=\"article\" \/>\n<meta property=\"og:title\" content=\"Nuestros Servicios - Karen M Ocasio Law Office\" \/>\n<meta property=\"og:description\" content=\"Especializada en Inmigraci\u00f3n Empresarial y Familiar Especializada en Inmigraci\u00f3n Empresarial y Familiar Especializada en Inmigraci\u00f3n Empresarial y Familiar Nuestros Servicios Karen M. Ocasio Law Office, representa y asesora a una clientela diversa, tanto en tama\u00f1o como en variedad de actividades, con oficinas ubicadas en el centro comercial y financiero de San Juan, Puerto Rico. Su [&hellip;]\" \/>\n<meta property=\"og:url\" content=\"https:\/\/karenocasiolaw.com\/en\/nuestros-servicios\/\" \/>\n<meta property=\"og:site_name\" content=\"Karen M Ocasio Law Office\" \/>\n<meta property=\"article:modified_time\" content=\"2023-11-02T20:09:26+00:00\" \/>\n<meta property=\"og:image\" content=\"https:\/\/karenocasiolaw.com\/wp-content\/uploads\/2022\/11\/IMGSLIDER1-1024x411.jpg\" \/>\n<meta name=\"twitter:card\" content=\"summary_large_image\" \/>\n<meta name=\"twitter:label1\" content=\"Est. reading time\" \/>\n\t<meta name=\"twitter:data1\" content=\"3 minutes\" \/>\n<script type=\"application\/ld+json\" class=\"yoast-schema-graph\">{\"@context\":\"https:\/\/schema.org\",\"@graph\":[{\"@type\":\"WebPage\",\"@id\":\"https:\/\/karenocasiolaw.com\/en\/nuestros-servicios\/\",\"url\":\"https:\/\/karenocasiolaw.com\/en\/nuestros-servicios\/\",\"name\":\"Nuestros Servicios - Karen M Ocasio Law Office\",\"isPartOf\":{\"@id\":\"https:\/\/karenocasiolaw.com\/#website\"},\"primaryImageOfPage\":{\"@id\":\"https:\/\/karenocasiolaw.com\/en\/nuestros-servicios\/#primaryimage\"},\"image\":{\"@id\":\"https:\/\/karenocasiolaw.com\/en\/nuestros-servicios\/#primaryimage\"},\"thumbnailUrl\":\"https:\/\/karenocasiolaw.com\/wp-content\/uploads\/2022\/11\/IMGSLIDER1-1024x411.jpg\",\"datePublished\":\"2022-11-07T14:12:43+00:00\",\"dateModified\":\"2023-11-02T20:09:26+00:00\",\"breadcrumb\":{\"@id\":\"https:\/\/karenocasiolaw.com\/en\/nuestros-servicios\/#breadcrumb\"},\"inLanguage\":\"en-US\",\"potentialAction\":[{\"@type\":\"ReadAction\",\"target\":[\"https:\/\/karenocasiolaw.com\/en\/nuestros-servicios\/\"]}]},{\"@type\":\"ImageObject\",\"inLanguage\":\"en-US\",\"@id\":\"https:\/\/karenocasiolaw.com\/en\/nuestros-servicios\/#primaryimage\",\"url\":\"https:\/\/karenocasiolaw.com\/wp-content\/uploads\/2022\/11\/IMGSLIDER1-1024x411.jpg\",\"contentUrl\":\"https:\/\/karenocasiolaw.com\/wp-content\/uploads\/2022\/11\/IMGSLIDER1-1024x411.jpg\"},{\"@type\":\"BreadcrumbList\",\"@id\":\"https:\/\/karenocasiolaw.com\/en\/nuestros-servicios\/#breadcrumb\",\"itemListElement\":[{\"@type\":\"ListItem\",\"position\":1,\"name\":\"Home\",\"item\":\"https:\/\/karenocasiolaw.com\/\"},{\"@type\":\"ListItem\",\"position\":2,\"name\":\"Nuestros Servicios\"}]},{\"@type\":\"WebSite\",\"@id\":\"https:\/\/karenocasiolaw.com\/#website\",\"url\":\"https:\/\/karenocasiolaw.com\/\",\"name\":\"Karen M Ocasio Law Office\",\"description\":\"Especializada en Inmigraci\u00f3n Empresarial y Familiar\",\"publisher\":{\"@id\":\"https:\/\/karenocasiolaw.com\/#organization\"},\"potentialAction\":[{\"@type\":\"SearchAction\",\"target\":{\"@type\":\"EntryPoint\",\"urlTemplate\":\"https:\/\/karenocasiolaw.com\/?s={search_term_string}\"},\"query-input\":{\"@type\":\"PropertyValueSpecification\",\"valueRequired\":true,\"valueName\":\"search_term_string\"}}],\"inLanguage\":\"en-US\"},{\"@type\":\"Organization\",\"@id\":\"https:\/\/karenocasiolaw.com\/#organization\",\"name\":\"Karen M Ocasio Law Office\",\"url\":\"https:\/\/karenocasiolaw.com\/\",\"logo\":{\"@type\":\"ImageObject\",\"inLanguage\":\"en-US\",\"@id\":\"https:\/\/karenocasiolaw.com\/#\/schema\/logo\/image\/\",\"url\":\"https:\/\/karenocasiolaw.com\/wp-content\/uploads\/2022\/11\/Logo2.0.png\",\"contentUrl\":\"https:\/\/karenocasiolaw.com\/wp-content\/uploads\/2022\/11\/Logo2.0.png\",\"width\":300,\"height\":100,\"caption\":\"Karen M Ocasio Law Office\"},\"image\":{\"@id\":\"https:\/\/karenocasiolaw.com\/#\/schema\/logo\/image\/\"}}]}<\/script>\n<!-- \/ Yoast SEO plugin. -->","yoast_head_json":{"title":"Nuestros Servicios - Karen M Ocasio Law Office","robots":{"index":"index","follow":"follow","max-snippet":"max-snippet:-1","max-image-preview":"max-image-preview:large","max-video-preview":"max-video-preview:-1"},"canonical":"https:\/\/karenocasiolaw.com\/en\/nuestros-servicios\/","og_locale":"en_US","og_type":"article","og_title":"Nuestros Servicios - Karen M Ocasio Law Office","og_description":"Especializada en Inmigraci\u00f3n Empresarial y Familiar Especializada en Inmigraci\u00f3n Empresarial y Familiar Especializada en Inmigraci\u00f3n Empresarial y Familiar Nuestros Servicios Karen M. Ocasio Law Office, representa y asesora a una clientela diversa, tanto en tama\u00f1o como en variedad de actividades, con oficinas ubicadas en el centro comercial y financiero de San Juan, Puerto Rico. Su [&hellip;]","og_url":"https:\/\/karenocasiolaw.com\/en\/nuestros-servicios\/","og_site_name":"Karen M Ocasio Law Office","article_modified_time":"2023-11-02T20:09:26+00:00","og_image":[{"url":"https:\/\/karenocasiolaw.com\/wp-content\/uploads\/2022\/11\/IMGSLIDER1-1024x411.jpg","type":"","width":"","height":""}],"twitter_card":"summary_large_image","twitter_misc":{"Est. reading time":"3 minutes"},"schema":{"@context":"https:\/\/schema.org","@graph":[{"@type":"WebPage","@id":"https:\/\/karenocasiolaw.com\/en\/nuestros-servicios\/","url":"https:\/\/karenocasiolaw.com\/en\/nuestros-servicios\/","name":"Nuestros Servicios - Karen M Ocasio Law Office","isPartOf":{"@id":"https:\/\/karenocasiolaw.com\/#website"},"primaryImageOfPage":{"@id":"https:\/\/karenocasiolaw.com\/en\/nuestros-servicios\/#primaryimage"},"image":{"@id":"https:\/\/karenocasiolaw.com\/en\/nuestros-servicios\/#primaryimage"},"thumbnailUrl":"https:\/\/karenocasiolaw.com\/wp-content\/uploads\/2022\/11\/IMGSLIDER1-1024x411.jpg","datePublished":"2022-11-07T14:12:43+00:00","dateModified":"2023-11-02T20:09:26+00:00","breadcrumb":{"@id":"https:\/\/karenocasiolaw.com\/en\/nuestros-servicios\/#breadcrumb"},"inLanguage":"en-US","potentialAction":[{"@type":"ReadAction","target":["https:\/\/karenocasiolaw.com\/en\/nuestros-servicios\/"]}]},{"@type":"ImageObject","inLanguage":"en-US","@id":"https:\/\/karenocasiolaw.com\/en\/nuestros-servicios\/#primaryimage","url":"https:\/\/karenocasiolaw.com\/wp-content\/uploads\/2022\/11\/IMGSLIDER1-1024x411.jpg","contentUrl":"https:\/\/karenocasiolaw.com\/wp-content\/uploads\/2022\/11\/IMGSLIDER1-1024x411.jpg"},{"@type":"BreadcrumbList","@id":"https:\/\/karenocasiolaw.com\/en\/nuestros-servicios\/#breadcrumb","itemListElement":[{"@type":"ListItem","position":1,"name":"Home","item":"https:\/\/karenocasiolaw.com\/"},{"@type":"ListItem","position":2,"name":"Nuestros Servicios"}]},{"@type":"WebSite","@id":"https:\/\/karenocasiolaw.com\/#website","url":"https:\/\/karenocasiolaw.com\/","name":"Karen M Ocasio Law Office","description":"Specializing in Business and Family Immigration","publisher":{"@id":"https:\/\/karenocasiolaw.com\/#organization"},"potentialAction":[{"@type":"SearchAction","target":{"@type":"EntryPoint","urlTemplate":"https:\/\/karenocasiolaw.com\/?s={search_term_string}"},"query-input":{"@type":"PropertyValueSpecification","valueRequired":true,"valueName":"search_term_string"}}],"inLanguage":"en-US"},{"@type":"Organization","@id":"https:\/\/karenocasiolaw.com\/#organization","name":"Karen M Ocasio Law Office","url":"https:\/\/karenocasiolaw.com\/","logo":{"@type":"ImageObject","inLanguage":"en-US","@id":"https:\/\/karenocasiolaw.com\/#\/schema\/logo\/image\/","url":"https:\/\/karenocasiolaw.com\/wp-content\/uploads\/2022\/11\/Logo2.0.png","contentUrl":"https:\/\/karenocasiolaw.com\/wp-content\/uploads\/2022\/11\/Logo2.0.png","width":300,"height":100,"caption":"Karen M Ocasio Law Office"},"image":{"@id":"https:\/\/karenocasiolaw.com\/#\/schema\/logo\/image\/"}}]}},"_links":{"self":[{"href":"https:\/\/karenocasiolaw.com\/en\/wp-json\/wp\/v2\/pages\/67","targetHints":{"allow":["GET"]}}],"collection":[{"href":"https:\/\/karenocasiolaw.com\/en\/wp-json\/wp\/v2\/pages"}],"about":[{"href":"https:\/\/karenocasiolaw.com\/en\/wp-json\/wp\/v2\/types\/page"}],"author":[{"embeddable":true,"href":"https:\/\/karenocasiolaw.com\/en\/wp-json\/wp\/v2\/users\/1"}],"replies":[{"embeddable":true,"href":"https:\/\/karenocasiolaw.com\/en\/wp-json\/wp\/v2\/comments?post=67"}],"version-history":[{"count":5,"href":"https:\/\/karenocasiolaw.com\/en\/wp-json\/wp\/v2\/pages\/67\/revisions"}],"predecessor-version":[{"id":539,"href":"https:\/\/karenocasiolaw.com\/en\/wp-json\/wp\/v2\/pages\/67\/revisions\/539"}],"wp:attachment":[{"href":"https:\/\/karenocasiolaw.com\/en\/wp-json\/wp\/v2\/media?parent=67"}],"curies":[{"name":"wp","href":"https:\/\/api.w.org\/{rel}","templated":true}]}}